{"id":821,"date":"2012-10-01T18:14:53","date_gmt":"2012-10-01T17:14:53","guid":{"rendered":"http:\/\/www.cadetill.com\/?page_id=821"},"modified":"2015-11-19T09:31:21","modified_gmt":"2015-11-19T08:31:21","slug":"embarcadero-mvp-program","status":"publish","type":"page","link":"https:\/\/www.cadetill.com\/en\/embarcadero-mvp-program\/","title":{"rendered":"Embarcadero MVP Program"},"content":{"rendered":"<p><img decoding=\"async\" class=\"alignleft\" alt=\"\" src=\"http:\/\/www.cadetill.com\/imagenes\/gallery\/mvp\/mvp.jpg\" \/>El <a title=\"Embarcadero MVP Program\" href=\"http:\/\/www.embarcadero.com\/es\/embarcadero-mvp-program\" target=\"_blank\">programa MVP<\/a> (Most Valuable Professional) de Embarcadero es una iniciativa (desde mi punto de vista muy acertada) de Embarcadero para &#8220;premiar&#8221; de alguna forma a los programadores que, de alguna forma, promueven y ayudan a difundir este magn\u00edfico lenguaje que es Delphi.<\/p>\n<p>Cualquier persona puede entrar en el programa (estoy yo en \u00e9l, as\u00ed que&#8230;.), s\u00f3lo se necesita ser una persona implicada dentro de la comunidad, ya sea haciendo webinars, manteniendo un blog o p\u00e1gina web, estar en foros de programaci\u00f3n, facebook, twiter, escribiendo libros o noticias,&#8230; Si crees que eres uno de ellos o si conoces a alguno que merezca estar en este grupo puedes contactar directamente con\u00a0Jim McKeeth (ver correo en <a title=\"Nominating an MVP \" href=\"http:\/\/www.embarcadero.com\/nominating-an-mvp\" target=\"_blank\">\u00e9sta p\u00e1gina<\/a>).<\/p>\n<p>Este reconocimiento por parte de Embarcadero no queda en un &#8220;simple t\u00edtulo&#8221; y estar en un listado de MVPs, sino que Embarcadero ofrece una serie de beneficios a sus miembros (acceso a betas, a productos de venta,&#8230;).<\/p>\n<p>Desde aqu\u00ed quiero agradecer a Embarcadero por esta iniciativa que tanto hac\u00eda falta para seguir creciendo.<\/p>\n<p>Aqu\u00ed os dejo la lista de los actuales MVPs (mi enhorabuena a todos y cada uno de ellos):<\/p>\n<table style=\"background-color: #fff;\" cellspacing=\"0\" cellpadding=\"5\">\n<tbody>\n<tr>\n<th>Nombre<\/th>\n<th>Pa\u00eds<\/th>\n<th>Web\/Blog<\/th>\n<\/tr>\n<tr>\n<td>Dave Nottage<\/td>\n<td>Australia<\/td>\n<td><a href=\"http:\/\/delphi.radsoft.com.au\/\" target=\"_blank\">http:\/\/delphi.radsoft.com.au\/<\/a><\/td>\n<\/tr>\n<tr>\n<td>Glenn Stephens<\/td>\n<td>Australia<\/td>\n<td><a href=\"http:\/\/www.glennstephens.com.au\/\" target=\"_blank\">http:\/\/www.glennstephens.com.au\/<\/a><\/td>\n<\/tr>\n<tr>\n<td>Lachlan Gemmell<\/td>\n<td>Australia<\/td>\n<td><a href=\"http:\/\/www.tindex.net\/\" target=\"_blank\">http:\/\/www.tindex.net\/<\/a><\/td>\n<\/tr>\n<tr>\n<td>Bruno Fierens<\/td>\n<td>Belgium<\/td>\n<td><a href=\"http:\/\/tmssoftware.com\/\" target=\"_blank\">http:\/\/tmssoftware.com\/<\/a><\/td>\n<\/tr>\n<tr>\n<td>Filip Lagrou<\/td>\n<td>Belgium<\/td>\n<td><a href=\"http:\/\/www.be-delphi.com\/\" target=\"_blank\">http:\/\/www.be-delphi.com\/<\/a><\/td>\n<\/tr>\n<tr>\n<td>Francois Piette<\/td>\n<td>Belgium<\/td>\n<td><a href=\"http:\/\/francois-piette.blogspot.be\/\" target=\"_blank\">http:\/\/francois-piette.blogspot.be\/<\/a><\/td>\n<\/tr>\n<tr>\n<td>Adriano Santos<\/td>\n<td>Brazil<\/td>\n<td><a href=\"http:\/\/www.tdevrocks.com.br\/\" target=\"_blank\">http:\/\/www.tdevrocks.com.br\/<\/a><\/td>\n<\/tr>\n<tr>\n<td>Alan Glei<\/td>\n<td>Brazil<\/td>\n<td><a href=\"http:\/\/alan-gomes.blogspot.com\/\" target=\"http:\/\/alan-gomes.blogspot.com\/\">http:\/\/alan-gomes.blogspot.com\/<\/a><\/td>\n<\/tr>\n<tr>\n<td>Caique Rodrigues<\/td>\n<td>Brazil<\/td>\n<td><a href=\"http:\/\/www.turbocode.com.br\/\" target=\"_blank\">http:\/\/www.turbocode.com.br\/<\/a><\/td>\n<\/tr>\n<tr>\n<td>Carlos Henrique Agnes<\/td>\n<td>Brazil<\/td>\n<td><a href=\"https:\/\/twitter.com\/TatuRS\" target=\"_blank\">https:\/\/twitter.com\/TatuRS<\/a><\/td>\n<\/tr>\n<tr>\n<td>Guinther Pauli<\/td>\n<td>Brazil<\/td>\n<td><a href=\"https:\/\/twitter.com\/GuintherPauli\" target=\"_blank\">https:\/\/twitter.com\/GuintherPauli<\/a><\/td>\n<\/tr>\n<tr>\n<td>Luciano Pimenta<\/td>\n<td>Brazil<\/td>\n<td><a href=\"http:\/\/www.lucianopimenta.net\/\" target=\"_blank\">http:\/\/www.lucianopimenta.net\/<\/a><\/td>\n<\/tr>\n<tr>\n<td>Marcelo Varela<\/td>\n<td>Brazil<\/td>\n<td><a href=\"http:\/\/www.logicatreinamentos.com.br\/\" target=\"_blank\">http:\/\/www.logicatreinamentos.com.br\/<\/a><\/td>\n<\/tr>\n<tr>\n<td>Marcos Antonio Moreira<\/td>\n<td>Brazil<\/td>\n<td><a href=\"http:\/\/mantmor.wordpress.com\/\" target=\"_blank\">http:\/\/mantmor.wordpress.com\/<\/a><\/td>\n<\/tr>\n<tr>\n<td>Newton Michel de Oliveira<\/td>\n<td>Brazil<\/td>\n<td><a href=\"http:\/\/www.dug-rs.org\/\">http:\/\/www.dug-rs.org\/<\/a><\/td>\n<\/tr>\n<tr>\n<td>Pedro Bento<\/td>\n<td>Brazil<\/td>\n<td><a href=\"http:\/\/acdelphi.com\/\" target=\"_blank\">http:\/\/acdelphi.com\/<\/a><\/td>\n<\/tr>\n<tr>\n<td>Ricardo Boaro<\/td>\n<td>Brazil<\/td>\n<td><a href=\"http:\/\/http\/\/www.rboaro.com.br\/\" target=\"_blank\">http:\/\/http:\/\/www.rboaro.com.br\/<\/a><\/td>\n<\/tr>\n<tr>\n<td>Samuel David<\/td>\n<td>Brazil<\/td>\n<td><a href=\"https:\/\/twitter.com\/MukaDavid\" target=\"_blank\">https:\/\/twitter.com\/MukaDavid<\/a><\/td>\n<\/tr>\n<tr>\n<td>Victory Fernandes<\/td>\n<td>Brazil<\/td>\n<td><a href=\"http:\/\/tkssoftware.com\/victory\/\" target=\"_blank\">http:\/\/tkssoftware.com\/victory\/<\/a><\/td>\n<\/tr>\n<tr>\n<td>Jeff Lefebvre<\/td>\n<td>Canada<\/td>\n<td><a href=\"http:\/\/kiwistamp.ca\/\" target=\"_blank\">http:\/\/kiwistamp.ca\/<\/a><\/td>\n<\/tr>\n<tr>\n<td>Zarko Gajic<\/td>\n<td>Croatia<\/td>\n<td><a href=\"http:\/\/delphi.about.com\/\" target=\"_blank\">http:\/\/delphi.about.com\/<\/a><\/td>\n<\/tr>\n<tr>\n<td>Radek Cervinka<\/td>\n<td>Czech Republic<\/td>\n<td><a href=\"http:\/\/delphi.cz\/\" target=\"_blank\">http:\/\/delphi.cz\/<\/a><\/td>\n<\/tr>\n<tr>\n<td>Jens Fudge<\/td>\n<td>Denmark<\/td>\n<td><a href=\"http:\/\/delphi.exotech.dk\/\" target=\"_blank\">http:\/\/delphi.exotech.dk\/<\/a><\/td>\n<\/tr>\n<tr>\n<td>Felix Colibri<\/td>\n<td>France<\/td>\n<td><a href=\"http:\/\/www.felix-colibri.com\/\" target=\"_blank\">http:\/\/www.felix-colibri.com\/<\/a><\/td>\n<\/tr>\n<tr>\n<td>Didier Cabal\u00e9<\/td>\n<td>France<\/td>\n<td><a href=\"http:\/\/didier.cabale.free.fr\/delphi.htm\" target=\"_blank\">http:\/\/didier.cabale.free.fr\/delphi.htm<\/a><\/td>\n<\/tr>\n<tr>\n<td>Roman Kassebaum<\/td>\n<td>Germany<\/td>\n<td><a href=\"http:\/\/blog.kassebaum.eu\" target=\"_blank\">http:\/\/blog.kassebaum.eu<\/a><\/td>\n<\/tr>\n<tr>\n<td>Uwe Raabe<\/td>\n<td>Germany<\/td>\n<td><a href=\"http:\/\/www.uweraabe.de\/Blog\/\" target=\"_blank\">http:\/\/www.uweraabe.de\/Blog\/<\/a><\/td>\n<\/tr>\n<tr>\n<td>Daniel Magin<\/td>\n<td>Germany<\/td>\n<td><a href=\"http:\/\/dmagin.wordpress.com\/\" target=\"_blank\">http:\/\/dmagin.wordpress.com\/<\/a><\/td>\n<\/tr>\n<tr>\n<td>Daniel Wolf<\/td>\n<td>Germany<\/td>\n<td><a href=\"http::\/www.danielwolf.eu\/blog\/\" target=\"_target\">http::\/\/www.danielwolf.eu\/blog\/<\/a><\/td>\n<\/tr>\n<tr>\n<td>Martin Strohal<\/td>\n<td>Germany<\/td>\n<td><a href=\"http:\/\/www.delphi-treff.de\/\" target=\"_blank\">http:\/\/www.delphi-treff.de\/<\/a><\/td>\n<\/tr>\n<tr>\n<td>Volker Hillman<\/td>\n<td>Germany<\/td>\n<td><a href=\"http:\/\/www.adecc-systemhaus.de\/aktuelles\/alle-neuigkeiten\" target=\"_blank\">http:\/\/www.adecc-systemhaus.de\/aktuelles\/alle-neuigkeiten<\/a><\/td>\n<\/tr>\n<tr>\n<td>Juan Antonio Castillo<\/td>\n<td>Guatemala<\/td>\n<td><a href=\"http:\/\/jachguate.wordpress.com\/\" target=\"_blank\">http:\/\/jachguate.wordpress.com\/<\/a><\/td>\n<\/tr>\n<tr>\n<td>Nirav Kaku<\/td>\n<td>India<\/td>\n<td><a href=\"http:\/\/www.indug.co.in\/blog\/\" target=\"_blank\">http:\/\/www.indug.co.in\/blog\/<\/a><\/td>\n<\/tr>\n<tr>\n<td>Jun Hosokawa<\/td>\n<td>Japan<\/td>\n<td><a href=\"http:\/\/delphimaniacs.blogspot.jp\/\" target=\"_blank\">http:\/\/delphimaniacs.blogspot.jp\/<\/a><\/td>\n<\/tr>\n<tr>\n<td>Eliseo Gonzalez<\/td>\n<td>Mexico<\/td>\n<td><a href=\"http:\/\/www.delphienmovimiento.mx\/\" target=\"_blank\">http:\/\/www.delphienmovimiento.mx\/<\/a><\/td>\n<\/tr>\n<tr>\n<td>Danny Wind<\/td>\n<td>Netherlands<\/td>\n<td><a href=\"http:\/\/dannywind.nl\/\" target=\"_blank\">http:\/\/dannywind.nl\/<\/a><\/td>\n<\/tr>\n<tr>\n<td>Bob Swart<\/td>\n<td>Netherlands<\/td>\n<td><a href=\"http:\/\/www.bobswart.nl\/blog\/\" target=\"_blank\">http:\/\/www.bobswart.nl\/blog\/<\/a><\/td>\n<\/tr>\n<tr>\n<td>Jennifer Kuiper<\/td>\n<td>Netherlands<\/td>\n<td><a href=\"http:\/\/www.maindevelopment.com\/\" target=\"_blank\">http:\/\/www.maindevelopment.com\/<\/a><\/td>\n<\/tr>\n<tr>\n<td>Jeroen W. Pluimers<\/td>\n<td>Netherlands<\/td>\n<td><a href=\"http:\/\/wiert.me\" target=\"_blank\">http:\/\/wiert.me<\/a><\/td>\n<\/tr>\n<tr>\n<td>Alister Christie<\/td>\n<td>New Zealand<\/td>\n<td><a href=\"http:\/\/learndelphi.tv\/\" target=\"_blank\">http:\/\/learndelphi.tv\/<\/a><\/td>\n<\/tr>\n<tr>\n<td>Jose Castillo<\/td>\n<td>Peru<\/td>\n<td><a href=\"http:\/\/josecastilloreyes.blogspot.com\/\" target=\"_blank\">http:\/\/josecastilloreyes.blogspot.com\/<\/a><\/td>\n<\/tr>\n<tr>\n<td>Alex W. Lulin<\/td>\n<td>Russia<\/td>\n<td><a href=\"http:\/\/18delphi.blogspot.com\/\" target=\"_blank\">http:\/\/18delphi.blogspot.com\/<\/a><\/td>\n<\/tr>\n<tr>\n<td>Alexander Alexeev<\/td>\n<td>Russia<\/td>\n<td><a href=\"http:\/\/www.gunsmoker.ru\/\" target=\"_blank\">http:\/\/www.gunsmoker.ru\/<\/a><\/td>\n<\/tr>\n<tr>\n<td>Alexander Bozhko<\/td>\n<td>Russia<\/td>\n<td><a href=\"http:\/\/delphi2010.ru\/\" target=\"_blank\">http:\/\/delphi2010.ru\/<\/a><\/td>\n<\/tr>\n<tr>\n<td>Andrey Terekhov<\/td>\n<td>Russia<\/td>\n<td><a href=\"http:\/\/teran.karelia.pro\/\" target=\"_blank\">http:\/\/teran.karelia.pro\/<\/a><\/td>\n<\/tr>\n<tr>\n<td>Dmitrii Kuzmenko<\/td>\n<td>Russia<\/td>\n<td><a href=\"http:\/\/www.ibase.ru\/\" target=\"_blank\">http:\/\/www.ibase.ru\/<\/a><\/td>\n<\/tr>\n<tr>\n<td>Roman Yankovsky<\/td>\n<td>Russia<\/td>\n<td><a href=\"http:\/\/roman.yankovsky.me\/\" target=\"_blank\">http:\/\/roman.yankovsky.me\/<\/a><\/td>\n<\/tr>\n<tr>\n<td>Vladislav Bajenov<\/td>\n<td>Russia<\/td>\n<td><a href=\"http:\/\/webdelphi.ru\/\" target=\"_blank\">http:\/\/webdelphi.ru\/<\/a><\/td>\n<\/tr>\n<tr>\n<td>Primoz Gabrijelcic<\/td>\n<td>Slovenia<\/td>\n<td><a href=\"http:\/\/www.thedelphigeek.com\/\" target=\"_blank\">http:\/\/www.thedelphigeek.com\/<\/a><\/td>\n<\/tr>\n<tr>\n<td>Emilio P\u00e9rez<\/td>\n<td>Spain<\/td>\n<td><a href=\"http:\/\/www.emiliopm.com\/\" target=\"_blank\">http:\/\/www.emiliopm.com\/<\/a><\/td>\n<\/tr>\n<tr>\n<td>Germ\u00e1n Est\u00e9vez Ruiz<\/td>\n<td>Spain<\/td>\n<td><a href=\"http:\/\/neftali.clubdelphi.com\/\" target=\"_blank\">http:\/\/neftali.clubdelphi.com\/<\/a><\/td>\n<\/tr>\n<tr>\n<td>Luis Alfonso Rey<\/td>\n<td>Spain<\/td>\n<td><a href=\"http:\/\/www.danysoft.com\/\" target=\"_blank\">http:\/\/www.danysoft.com\/<\/a><\/td>\n<\/tr>\n<tr>\n<td>Salvador Jover<\/td>\n<td>Spain<\/td>\n<td><a href=\"http:\/\/www.delphibasico.com\/delphi\/\" target=\"_blank\">http:\/\/www.delphibasico.com\/delphi\/<\/a><\/td>\n<\/tr>\n<tr>\n<td>Xavier Martinez<\/td>\n<td>Spain<\/td>\n<td><a href=\"http:\/\/www.cadetill.com\/\" target=\"_blank\">http:\/\/www.cadetill.com\/<\/a><\/td>\n<\/tr>\n<tr>\n<td>Magnus Flysj\u00f6<\/td>\n<td>Sweden<\/td>\n<td><a href=\"http:\/\/www.meetup.com\/delphi-gbg\/\" target=\"_blank\">http:\/\/www.meetup.com\/delphi-gbg\/<\/a><\/td>\n<\/tr>\n<tr>\n<td>Brian Long<\/td>\n<td>UK<\/td>\n<td><a href=\"http:\/\/blog.blong.com\/\" target=\"_blank\">http:\/\/blog.blong.com\/<\/a><\/td>\n<\/tr>\n<tr>\n<td>Mike Sutton<\/td>\n<td>UK<\/td>\n<td><a href=\"http:\/\/monkeystyler.com\/blog\" target=\"_blank\">http:\/\/monkeystyler.com\/blog<\/a><\/td>\n<\/tr>\n<tr>\n<td>Simon J. Stuart<\/td>\n<td>UK<\/td>\n<td><a href=\"http:\/\/www.learndelphi.com\" target=\"_blank\">http:\/\/www.learndelphi.com<\/a><\/td>\n<\/tr>\n<tr>\n<td>Alessandro Federici<\/td>\n<td>US<\/td>\n<td><a href=\"http:\/\/alessandrofederici.blogspot.com\/\" target=\"_blank\">http:\/\/alessandrofederici.blogspot.com\/<\/a><\/td>\n<\/tr>\n<tr>\n<td>Alan Fletcher<\/td>\n<td>US<\/td>\n<td><a href=\"http:\/\/delphibistro.com\/\" target=\"_blank\">http:\/\/delphibistro.com\/<\/a><\/td>\n<\/tr>\n<tr>\n<td>Anders Ohlsson<\/td>\n<td>US<\/td>\n<td><a href=\"http:\/\/delphihacker.blogspot.com\/\" target=\"_blank\">http:\/\/delphihacker.blogspot.com\/<\/a><\/td>\n<\/tr>\n<tr>\n<td>Ray Konopka<\/td>\n<td>US<\/td>\n<td><a href=\"http:\/\/www.raize.com\/\" target=\"_blank\">http:\/\/www.raize.com\/<\/a><\/td>\n<\/tr>\n<tr>\n<td>Cary Jensen<\/td>\n<td>US<\/td>\n<td><a href=\"https:\/\/twitter.com\/caryjensen\" target=\"_blank\">https:\/\/twitter.com\/caryjensen<\/a><\/td>\n<\/tr>\n<tr>\n<td>Olaf Monien<\/td>\n<td>US<\/td>\n<td><a href=\"http:\/\/www.developer-experts.net\/\" target=\"_blank\">http:\/\/www.developer-experts.net\/<\/a><\/td>\n<\/tr>\n<tr>\n<td>Nick Hodges<\/td>\n<td>US<\/td>\n<td><a href=\"http:\/\/www.nickhodges.com\/\" target=\"_blank\">http:\/\/www.nickhodges.com\/<\/a><\/td>\n<\/tr>\n<tr>\n<td>Robert Love<\/td>\n<td>US<\/td>\n<td><a href=\"http:\/\/robstechcorner.blogspot.com\/\" target=\"_blank\">http:\/\/robstechcorner.blogspot.com\/<\/a><\/td>\n<\/tr>\n<tr>\n<td>Xavier Pacheco<\/td>\n<td>US<\/td>\n<td><a href=\"http:\/\/tech.xavierpacheco.com\/\" target=\"_blank\">http:\/\/tech.xavierpacheco.com\/<\/a><\/td>\n<\/tr>\n<tr>\n<td>Luis Felipe Gonz\u00e1lez Torres<\/td>\n<td>Venezuela<\/td>\n<td><a href=\"http:\/\/lfgonzalez.visiblogs.com\/\" target=\"_blank\">http:\/\/lfgonzalez.visiblogs.com\/<\/a><\/td>\n<\/tr>\n<\/tbody>\n<\/table>\n<p>&nbsp;<\/p>\n","protected":false},"excerpt":{"rendered":"<p>El programa MVP (Most Valuable Professional) de Embarcadero es una iniciativa (desde mi punto de vista muy acertada) de Embarcadero para &#8220;premiar&#8221; de alguna forma a los programadores que, de alguna forma, promueven y ayudan a difundir este magn\u00edfico lenguaje que es Delphi. Cualquier persona puede entrar en el programa (estoy yo en \u00e9l, as\u00ed <a href='https:\/\/www.cadetill.com\/en\/embarcadero-mvp-program\/' class='excerpt-more'>[&#8230;]<\/a><\/p>\n","protected":false},"author":1,"featured_media":0,"parent":0,"menu_order":0,"comment_status":"open","ping_status":"closed","template":"","meta":{"ngg_post_thumbnail":0,"jetpack_post_was_ever_published":false,"footnotes":""},"class_list":["post-821","page","type-page","status-publish","hentry","post-seq-1","post-parity-odd","meta-position-corners","fix"],"jetpack_shortlink":"https:\/\/wp.me\/P13r0p-df","jetpack_sharing_enabled":true,"_links":{"self":[{"href":"https:\/\/www.cadetill.com\/en\/wp-json\/wp\/v2\/pages\/821","targetHints":{"allow":["GET"]}}],"collection":[{"href":"https:\/\/www.cadetill.com\/en\/wp-json\/wp\/v2\/pages"}],"about":[{"href":"https:\/\/www.cadetill.com\/en\/wp-json\/wp\/v2\/types\/page"}],"author":[{"embeddable":true,"href":"https:\/\/www.cadetill.com\/en\/wp-json\/wp\/v2\/users\/1"}],"replies":[{"embeddable":true,"href":"https:\/\/www.cadetill.com\/en\/wp-json\/wp\/v2\/comments?post=821"}],"version-history":[{"count":17,"href":"https:\/\/www.cadetill.com\/en\/wp-json\/wp\/v2\/pages\/821\/revisions"}],"predecessor-version":[{"id":2494,"href":"https:\/\/www.cadetill.com\/en\/wp-json\/wp\/v2\/pages\/821\/revisions\/2494"}],"wp:attachment":[{"href":"https:\/\/www.cadetill.com\/en\/wp-json\/wp\/v2\/media?parent=821"}],"curies":[{"name":"wp","href":"https:\/\/api.w.org\/{rel}","templated":true}]}}